{"id":9620,"date":"2026-04-20T10:49:36","date_gmt":"2026-04-20T08:49:36","guid":{"rendered":"https:\/\/www.mobilnedomkins.pl\/?post_type=product&#038;p=9620"},"modified":"2026-04-20T10:50:46","modified_gmt":"2026-04-20T08:50:46","slug":"domek-holenderski-atlas-mirage-28-2","status":"publish","type":"product","link":"https:\/\/www.mobilnedomkins.pl\/sk\/produkt\/domki-holenderskie\/domek-holenderski-atlas-mirage-28-2\/","title":{"rendered":"Mobiln\u00fd dom ATLAS MIRAGE 28"},"content":{"rendered":"<p>Predmetom predaja je anglicko-holandsk\u00fd dom ATLAS MIRAGE 28 s rozmermi: 3,10m x 10,00m = 30m2<\/p>\n<p>Chata pre 6-8 os\u00f4b,<br \/>\n2 izby,<br \/>\nve\u013ek\u00e1 priestrann\u00e1 ob\u00fdvacia izba prepojen\u00e1 s kuchy\u0148ou,<br \/>\nk\u00fape\u013e\u0148a.<br \/>\nVybavenie:<\/p>\n<p>Plynov\u00fd ohrev vody (Junkers),<br \/>\nk\u00farenie ob\u00fdvacej izby, plynov\u00fd ohrieva\u010d,<br \/>\nelektrick\u00e9 k\u00farenie v izb\u00e1ch a k\u00fape\u013eni,<br \/>\npr\u00eddavn\u00e1 rozkladacia poste\u013e v ob\u00fdvacej izbe.<br \/>\nDom je vo ve\u013emi dobrom stave. V\u0161etky elektrick\u00e9, vodovodn\u00e9 a plynov\u00e9 rozvody s\u00fa nain\u0161talovan\u00e9.<br \/>\n<iframe loading=\"lazy\" width=\"463\" height=\"823\" src=\"https:\/\/www.youtube.com\/embed\/QXBnqsAI3E8\" title=\"fatamorg\u00e1na\" frameborder=\"0\" allow=\"accelerometer; autoplay; clipboard-write; encrypted-media; gyroscope; picture-in-picture; web-share\" referrerpolicy=\"strict-origin-when-cross-origin\" allowfullscreen><\/iframe><\/p>","protected":false},"excerpt":{"rendered":"<p>Na predaj je anglicko-holandsk\u00e1 chata ATLAS MIRAGE 28 s rozmermi 3,10 m x 10,00 m = 30 m\u00b2. Kapacita 6-8 os\u00f4b, 2 sp\u00e1lne, ve\u013ek\u00e1, priestrann\u00e1 ob\u00fdvacia izba s kuchy\u0148ou a k\u00fape\u013e\u0148a. Medzi vybavenie patr\u00ed: plynov\u00fd ohrev vody (Junkers), k\u00farenie v ob\u00fdvacej izbe, plynov\u00fd ohrieva\u010d, elektrick\u00e9 k\u00farenie v izb\u00e1ch a k\u00fape\u013eni a \u010fal\u0161ia rozkladacia poste\u013e v ob\u00fdvacej izbe. Chata je vo ve\u013emi dobrom stave. V\u0161etky elektrick\u00e9, in\u0161talat\u00e9rske a [\u2026]<\/p>","protected":false},"featured_media":9622,"comment_status":"closed","ping_status":"closed","template":"","meta":[],"product_brand":[],"product_cat":[158,245,247,253],"product_tag":[],"class_list":{"0":"post-9620","1":"product","2":"type-product","3":"status-publish","4":"has-post-thumbnail","6":"product_cat-domki-holenderskie","7":"product_cat-domek-tygodnia","8":"product_cat-nowosc","9":"product_cat-promocja","11":"first","12":"instock","13":"sale","14":"taxable","15":"shipping-taxable","16":"purchasable","17":"product-type-simple"},"_links":{"self":[{"href":"https:\/\/www.mobilnedomkins.pl\/sk\/wp-json\/wp\/v2\/product\/9620","targetHints":{"allow":["GET"]}}],"collection":[{"href":"https:\/\/www.mobilnedomkins.pl\/sk\/wp-json\/wp\/v2\/product"}],"about":[{"href":"https:\/\/www.mobilnedomkins.pl\/sk\/wp-json\/wp\/v2\/types\/product"}],"replies":[{"embeddable":true,"href":"https:\/\/www.mobilnedomkins.pl\/sk\/wp-json\/wp\/v2\/comments?post=9620"}],"wp:featuredmedia":[{"embeddable":true,"href":"https:\/\/www.mobilnedomkins.pl\/sk\/wp-json\/wp\/v2\/media\/9622"}],"wp:attachment":[{"href":"https:\/\/www.mobilnedomkins.pl\/sk\/wp-json\/wp\/v2\/media?parent=9620"}],"wp:term":[{"taxonomy":"product_brand","embeddable":true,"href":"https:\/\/www.mobilnedomkins.pl\/sk\/wp-json\/wp\/v2\/product_brand?post=9620"},{"taxonomy":"product_cat","embeddable":true,"href":"https:\/\/www.mobilnedomkins.pl\/sk\/wp-json\/wp\/v2\/product_cat?post=9620"},{"taxonomy":"product_tag","embeddable":true,"href":"https:\/\/www.mobilnedomkins.pl\/sk\/wp-json\/wp\/v2\/product_tag?post=9620"}],"curies":[{"name":"pracovn\u00fd list","href":"https:\/\/api.w.org\/{rel}","templated":true}]}}