{"id":3601,"date":"2024-07-16T12:42:48","date_gmt":"2024-07-16T10:42:48","guid":{"rendered":"https:\/\/mobilnedomkins.pl\/?post_type=product&#038;p=3601"},"modified":"2024-10-14T12:58:11","modified_gmt":"2024-10-14T10:58:11","slug":"domek-holenderski-atlas-florida-35","status":"publish","type":"product","link":"https:\/\/www.mobilnedomkins.pl\/sk\/produkt\/domki-holenderskie\/domek-holenderski-atlas-florida-35\/","title":{"rendered":"Mobiln\u00fd dom ATLAS FLORIDA 35"},"content":{"rendered":"<p>Predmetom predaja je anglicko-holandsk\u00e1 chata Atlas Florida 35, celoro\u010dne obytn\u00e1, s rozmermi: 3,10m x 11,00m = 34,00m2<\/p>\n<ul>\n<li>Chata pre 6-8 os\u00f4b,<\/li>\n<li>3 izby,<\/li>\n<li>ve\u013ek\u00e1 priestrann\u00e1 ob\u00fdvacia izba prepojen\u00e1 s kuchy\u0148ou,<\/li>\n<li>k\u00fape\u013e\u0148a.<\/li>\n<\/ul>\n<p>Vybavenie:<\/p>\n<ul>\n<li>Plynov\u00fd ohrev vody (Junkers),<\/li>\n<li>k\u00farenie ob\u00fdvacej izby, plynov\u00fd ohrieva\u010d,<\/li>\n<li>elektrick\u00e9 k\u00farenie v izb\u00e1ch a k\u00fape\u013eni,<\/li>\n<li>pr\u00eddavn\u00e1 rozkladacia poste\u013e v ob\u00fdvacej izbe.<\/li>\n<\/ul>\n<p>Dom je vo ve\u013emi dobrom stave. V\u0161etky elektrick\u00e9, vodovodn\u00e9 a plynov\u00e9 rozvody s\u00fa nain\u0161talovan\u00e9.<\/p>\n<p>Hrub\u00e1 cena zah\u0155\u0148a DPH 23%<\/p>","protected":false},"excerpt":{"rendered":"<p>Na predaj je anglicko-holandsk\u00e1 chata Atlas Florida 35 s celoro\u010dn\u00fdm vyu\u017eit\u00edm a rozmermi: 3,10 m x 11,00 m = 34,00 m\u00b2. Kapacita: 6-8 os\u00f4b, 3 izby, ve\u013ek\u00e1, priestrann\u00e1 ob\u00fdvacia izba s kuchy\u0148ou a k\u00fape\u013e\u0148a. K vybaveniu patr\u00ed: plynov\u00fd ohrev vody (Junkers), k\u00farenie v ob\u00fdvacej izbe, plynov\u00fd spor\u00e1k, elektrick\u00e9 k\u00farenie v izb\u00e1ch a k\u00fape\u013eni a \u010fal\u0161ia rozkladacia poste\u013e v ob\u00fdvacej izbe. Chata je vo ve\u013emi dobrom stave. Elektrick\u00e9 a vodovodn\u00e9 syst\u00e9my s\u00fa nain\u0161talovan\u00e9 [\u2026]<\/p>","protected":false},"featured_media":3625,"comment_status":"closed","ping_status":"closed","template":"","meta":[],"product_brand":[],"product_cat":[158,255],"product_tag":[],"class_list":{"0":"post-3601","1":"product","2":"type-product","3":"status-publish","4":"has-post-thumbnail","6":"product_cat-domki-holenderskie","7":"product_cat-rezerwacja","9":"first","10":"instock","11":"sale","12":"taxable","13":"shipping-taxable","14":"purchasable","15":"product-type-simple"},"_links":{"self":[{"href":"https:\/\/www.mobilnedomkins.pl\/sk\/wp-json\/wp\/v2\/product\/3601","targetHints":{"allow":["GET"]}}],"collection":[{"href":"https:\/\/www.mobilnedomkins.pl\/sk\/wp-json\/wp\/v2\/product"}],"about":[{"href":"https:\/\/www.mobilnedomkins.pl\/sk\/wp-json\/wp\/v2\/types\/product"}],"replies":[{"embeddable":true,"href":"https:\/\/www.mobilnedomkins.pl\/sk\/wp-json\/wp\/v2\/comments?post=3601"}],"wp:featuredmedia":[{"embeddable":true,"href":"https:\/\/www.mobilnedomkins.pl\/sk\/wp-json\/wp\/v2\/media\/3625"}],"wp:attachment":[{"href":"https:\/\/www.mobilnedomkins.pl\/sk\/wp-json\/wp\/v2\/media?parent=3601"}],"wp:term":[{"taxonomy":"product_brand","embeddable":true,"href":"https:\/\/www.mobilnedomkins.pl\/sk\/wp-json\/wp\/v2\/product_brand?post=3601"},{"taxonomy":"product_cat","embeddable":true,"href":"https:\/\/www.mobilnedomkins.pl\/sk\/wp-json\/wp\/v2\/product_cat?post=3601"},{"taxonomy":"product_tag","embeddable":true,"href":"https:\/\/www.mobilnedomkins.pl\/sk\/wp-json\/wp\/v2\/product_tag?post=3601"}],"curies":[{"name":"pracovn\u00fd list","href":"https:\/\/api.w.org\/{rel}","templated":true}]}}